{"id":304,"date":"2017-11-07T14:47:19","date_gmt":"2017-11-07T12:47:19","guid":{"rendered":"http:\/\/www.keyflow.fi\/dev\/?page_id=304"},"modified":"2021-03-15T15:08:35","modified_gmt":"2021-03-15T13:08:35","slug":"electric-actuators","status":"publish","type":"page","link":"https:\/\/keyflow.fi\/en\/products\/actuators\/electric-actuators\/","title":{"rendered":"Electric actuators"},"content":{"rendered":"<p>Electric actuators for control and shutdown use from Oden and Regada.<\/p>\n<p>Oden manufactures highly accurate and fast control actuators for 90 \u00b0 rotation angle and linear motion.<\/p>\n<p>With step motors the 90 \u00b0 rotation angle can be split up to 15 000 steps.<\/p>\n<p>Regada offers a wide range of electric actuators for shut-off and control use.<\/p>\n<p>Supply voltage 1-phase 24VDC \/ AC, 230V and 3-phase 400V.<\/p>\n<p><a href=\"https:\/\/keyflow.fi\/\/en\/contact-us\/\">Contact us!<\/a><\/p>\n","protected":false},"excerpt":{"rendered":"<p>Electric actuators for control and shutdown use from Oden and Regada. Oden manufactures highly accurate and fast control actuators for 90 \u00b0 rotation angle and linear motion. With step motors the 90 \u00b0 rotation angle can be split up to 15 000 steps. Regada offers a wide range of electric actuators for shut-off and control [&hellip;]<\/p>\n","protected":false},"author":1,"featured_media":0,"parent":298,"menu_order":0,"comment_status":"closed","ping_status":"closed","template":"","meta":{"_improvement_type_select":"improve_an_existing","_thumb_yes_seoaic":false,"_frame_yes_seoaic":false,"seoaic_generate_description":"","seoaic_improve_instructions_prompt":"","seoaic_rollback_content_improvement":"","seoaic_idea_thumbnail_generator":"","thumbnail_generated":false,"thumbnail_generate_prompt":"","seoaic_article_description":"","footnotes":""},"class_list":["post-304","page","type-page","status-publish","hentry"],"yoast_head":"<!-- This site is optimized with the Yoast SEO plugin v27.4 - https:\/\/yoast.com\/product\/yoast-seo-wordpress\/ -->\n<title>Electric actuators - Keyflow<\/title>\n<meta name=\"description\" content=\"Keyflow \u2013 Venttiilit teollisuuden tarpeisiin. Olemme virtaustekniikan erikoisosaaja. Autamme l\u00f6yt\u00e4m\u00e4\u00e4n kustannustehokkaat ja tuottavuutta parantavat ratkaisut. Pyyd\u00e4 tarjous!\" \/>\n<meta name=\"robots\" content=\"index, follow, max-snippet:-1, max-image-preview:large, max-video-preview:-1\" \/>\n<link rel=\"canonical\" href=\"https:\/\/keyflow.fi\/en\/products\/actuators\/electric-actuators\/\" \/>\n<meta property=\"og:locale\" content=\"en_US\" \/>\n<meta property=\"og:type\" content=\"article\" \/>\n<meta property=\"og:title\" content=\"Electric actuators - Keyflow\" \/>\n<meta property=\"og:description\" content=\"Keyflow \u2013 Venttiilit teollisuuden tarpeisiin. Olemme virtaustekniikan erikoisosaaja. Autamme l\u00f6yt\u00e4m\u00e4\u00e4n kustannustehokkaat ja tuottavuutta parantavat ratkaisut. Pyyd\u00e4 tarjous!\" \/>\n<meta property=\"og:url\" content=\"https:\/\/keyflow.fi\/en\/products\/actuators\/electric-actuators\/\" \/>\n<meta property=\"og:site_name\" content=\"Keyflow\" \/>\n<meta property=\"article:modified_time\" content=\"2021-03-15T13:08:35+00:00\" \/>\n<meta name=\"twitter:card\" content=\"summary_large_image\" \/>\n<meta name=\"twitter:label1\" content=\"Est. reading time\" \/>\n\t<meta name=\"twitter:data1\" content=\"1 minute\" \/>\n<script type=\"application\/ld+json\" class=\"yoast-schema-graph\">{\"@context\":\"https:\\\/\\\/schema.org\",\"@graph\":[{\"@type\":\"WebPage\",\"@id\":\"https:\\\/\\\/keyflow.fi\\\/en\\\/products\\\/actuators\\\/electric-actuators\\\/\",\"url\":\"https:\\\/\\\/keyflow.fi\\\/en\\\/products\\\/actuators\\\/electric-actuators\\\/\",\"name\":\"Electric actuators - Keyflow\",\"isPartOf\":{\"@id\":\"https:\\\/\\\/keyflow.fi\\\/#website\"},\"datePublished\":\"2017-11-07T12:47:19+00:00\",\"dateModified\":\"2021-03-15T13:08:35+00:00\",\"description\":\"Keyflow \u2013 Venttiilit teollisuuden tarpeisiin. Olemme virtaustekniikan erikoisosaaja. Autamme l\u00f6yt\u00e4m\u00e4\u00e4n kustannustehokkaat ja tuottavuutta parantavat ratkaisut. Pyyd\u00e4 tarjous!\",\"breadcrumb\":{\"@id\":\"https:\\\/\\\/keyflow.fi\\\/en\\\/products\\\/actuators\\\/electric-actuators\\\/#breadcrumb\"},\"inLanguage\":\"en-US\",\"potentialAction\":[{\"@type\":\"ReadAction\",\"target\":[\"https:\\\/\\\/keyflow.fi\\\/en\\\/products\\\/actuators\\\/electric-actuators\\\/\"]}]},{\"@type\":\"BreadcrumbList\",\"@id\":\"https:\\\/\\\/keyflow.fi\\\/en\\\/products\\\/actuators\\\/electric-actuators\\\/#breadcrumb\",\"itemListElement\":[{\"@type\":\"ListItem\",\"position\":1,\"name\":\"Home\",\"item\":\"https:\\\/\\\/keyflow.fi\\\/en\\\/\"},{\"@type\":\"ListItem\",\"position\":2,\"name\":\"Products\",\"item\":\"https:\\\/\\\/keyflow.fi\\\/en\\\/products\\\/\"},{\"@type\":\"ListItem\",\"position\":3,\"name\":\"Actuators\",\"item\":\"https:\\\/\\\/keyflow.fi\\\/en\\\/products\\\/actuators\\\/\"},{\"@type\":\"ListItem\",\"position\":4,\"name\":\"Electric actuators\"}]},{\"@type\":\"WebSite\",\"@id\":\"https:\\\/\\\/keyflow.fi\\\/#website\",\"url\":\"https:\\\/\\\/keyflow.fi\\\/\",\"name\":\"Keyflow\",\"description\":\"Venttiilit, toimilaitteet, virtauslaskelmat\",\"potentialAction\":[{\"@type\":\"SearchAction\",\"target\":{\"@type\":\"EntryPoint\",\"urlTemplate\":\"https:\\\/\\\/keyflow.fi\\\/?s={search_term_string}\"},\"query-input\":{\"@type\":\"PropertyValueSpecification\",\"valueRequired\":true,\"valueName\":\"search_term_string\"}}],\"inLanguage\":\"en-US\"}]}<\/script>\n<!-- \/ Yoast SEO plugin. -->","yoast_head_json":{"title":"Electric actuators - Keyflow","description":"Keyflow \u2013 Venttiilit teollisuuden tarpeisiin. Olemme virtaustekniikan erikoisosaaja. Autamme l\u00f6yt\u00e4m\u00e4\u00e4n kustannustehokkaat ja tuottavuutta parantavat ratkaisut. Pyyd\u00e4 tarjous!","robots":{"index":"index","follow":"follow","max-snippet":"max-snippet:-1","max-image-preview":"max-image-preview:large","max-video-preview":"max-video-preview:-1"},"canonical":"https:\/\/keyflow.fi\/en\/products\/actuators\/electric-actuators\/","og_locale":"en_US","og_type":"article","og_title":"Electric actuators - Keyflow","og_description":"Keyflow \u2013 Venttiilit teollisuuden tarpeisiin. Olemme virtaustekniikan erikoisosaaja. Autamme l\u00f6yt\u00e4m\u00e4\u00e4n kustannustehokkaat ja tuottavuutta parantavat ratkaisut. Pyyd\u00e4 tarjous!","og_url":"https:\/\/keyflow.fi\/en\/products\/actuators\/electric-actuators\/","og_site_name":"Keyflow","article_modified_time":"2021-03-15T13:08:35+00:00","twitter_card":"summary_large_image","twitter_misc":{"Est. reading time":"1 minute"},"schema":{"@context":"https:\/\/schema.org","@graph":[{"@type":"WebPage","@id":"https:\/\/keyflow.fi\/en\/products\/actuators\/electric-actuators\/","url":"https:\/\/keyflow.fi\/en\/products\/actuators\/electric-actuators\/","name":"Electric actuators - Keyflow","isPartOf":{"@id":"https:\/\/keyflow.fi\/#website"},"datePublished":"2017-11-07T12:47:19+00:00","dateModified":"2021-03-15T13:08:35+00:00","description":"Keyflow \u2013 Venttiilit teollisuuden tarpeisiin. Olemme virtaustekniikan erikoisosaaja. Autamme l\u00f6yt\u00e4m\u00e4\u00e4n kustannustehokkaat ja tuottavuutta parantavat ratkaisut. Pyyd\u00e4 tarjous!","breadcrumb":{"@id":"https:\/\/keyflow.fi\/en\/products\/actuators\/electric-actuators\/#breadcrumb"},"inLanguage":"en-US","potentialAction":[{"@type":"ReadAction","target":["https:\/\/keyflow.fi\/en\/products\/actuators\/electric-actuators\/"]}]},{"@type":"BreadcrumbList","@id":"https:\/\/keyflow.fi\/en\/products\/actuators\/electric-actuators\/#breadcrumb","itemListElement":[{"@type":"ListItem","position":1,"name":"Home","item":"https:\/\/keyflow.fi\/en\/"},{"@type":"ListItem","position":2,"name":"Products","item":"https:\/\/keyflow.fi\/en\/products\/"},{"@type":"ListItem","position":3,"name":"Actuators","item":"https:\/\/keyflow.fi\/en\/products\/actuators\/"},{"@type":"ListItem","position":4,"name":"Electric actuators"}]},{"@type":"WebSite","@id":"https:\/\/keyflow.fi\/#website","url":"https:\/\/keyflow.fi\/","name":"Keyflow","description":"Venttiilit, toimilaitteet, virtauslaskelmat","potentialAction":[{"@type":"SearchAction","target":{"@type":"EntryPoint","urlTemplate":"https:\/\/keyflow.fi\/?s={search_term_string}"},"query-input":{"@type":"PropertyValueSpecification","valueRequired":true,"valueName":"search_term_string"}}],"inLanguage":"en-US"}]}},"_links":{"self":[{"href":"https:\/\/keyflow.fi\/en\/wp-json\/wp\/v2\/pages\/304","targetHints":{"allow":["GET"]}}],"collection":[{"href":"https:\/\/keyflow.fi\/en\/wp-json\/wp\/v2\/pages"}],"about":[{"href":"https:\/\/keyflow.fi\/en\/wp-json\/wp\/v2\/types\/page"}],"author":[{"embeddable":true,"href":"https:\/\/keyflow.fi\/en\/wp-json\/wp\/v2\/users\/1"}],"replies":[{"embeddable":true,"href":"https:\/\/keyflow.fi\/en\/wp-json\/wp\/v2\/comments?post=304"}],"version-history":[{"count":6,"href":"https:\/\/keyflow.fi\/en\/wp-json\/wp\/v2\/pages\/304\/revisions"}],"predecessor-version":[{"id":625,"href":"https:\/\/keyflow.fi\/en\/wp-json\/wp\/v2\/pages\/304\/revisions\/625"}],"up":[{"embeddable":true,"href":"https:\/\/keyflow.fi\/en\/wp-json\/wp\/v2\/pages\/298"}],"wp:attachment":[{"href":"https:\/\/keyflow.fi\/en\/wp-json\/wp\/v2\/media?parent=304"}],"curies":[{"name":"wp","href":"https:\/\/api.w.org\/{rel}","templated":true}]}}