{"id":301,"date":"2017-11-07T14:46:52","date_gmt":"2017-11-07T12:46:52","guid":{"rendered":"http:\/\/www.keyflow.fi\/dev\/?page_id=301"},"modified":"2021-03-15T15:24:20","modified_gmt":"2021-03-15T13:24:20","slug":"pneumatic-actuators","status":"publish","type":"page","link":"https:\/\/keyflow.fi\/en\/products\/actuators\/pneumatic-actuators\/","title":{"rendered":"Pneumatic actuators"},"content":{"rendered":"<p>Pneumatic double and single acting actuators from Bray.<\/p>\n<ul>\n<li>output torques from 5 Nm to 4990 Nm<\/li>\n<li>for on-off and control applications<\/li>\n<li>standard body material is anodized aluminum with epoxy resin treated actuator caps<\/li>\n<li>stainless steel and chemical resistance actuators also available<\/li>\n<li>solenoid valves, limit switches and positioners as option<\/li>\n<li>same body parts: by adding \/ removing springs the operating mode of the pneumatic actuator can be changed<\/li>\n<\/ul>\n<p><a href=\"https:\/\/keyflow.fi\/\/en\/contact-us\/\">Contact us!<\/a><\/p>\n","protected":false},"excerpt":{"rendered":"<p>Pneumatic double and single acting actuators from Bray. output torques from 5 Nm to 4990 Nm for on-off and control applications standard body material is anodized aluminum with epoxy resin treated actuator caps stainless steel and chemical resistance actuators also available solenoid valves, limit switches and positioners as option same body parts: by adding \/ [&hellip;]<\/p>\n","protected":false},"author":1,"featured_media":0,"parent":298,"menu_order":0,"comment_status":"closed","ping_status":"closed","template":"","meta":{"_improvement_type_select":"improve_an_existing","_thumb_yes_seoaic":false,"_frame_yes_seoaic":false,"seoaic_generate_description":"","seoaic_improve_instructions_prompt":"","seoaic_rollback_content_improvement":"","seoaic_idea_thumbnail_generator":"","thumbnail_generated":false,"thumbnail_generate_prompt":"","seoaic_article_description":"","footnotes":""},"class_list":["post-301","page","type-page","status-publish","hentry"],"yoast_head":"<!-- This site is optimized with the Yoast SEO plugin v27.4 - https:\/\/yoast.com\/product\/yoast-seo-wordpress\/ -->\n<title>Pneumatic actuators - Keyflow<\/title>\n<meta name=\"description\" content=\"Keyflow \u2013 Venttiilit teollisuuden tarpeisiin. Olemme virtaustekniikan erikoisosaaja. Autamme l\u00f6yt\u00e4m\u00e4\u00e4n kustannustehokkaat ja tuottavuutta parantavat ratkaisut. Pyyd\u00e4 tarjous!\" \/>\n<meta name=\"robots\" content=\"index, follow, max-snippet:-1, max-image-preview:large, max-video-preview:-1\" \/>\n<link rel=\"canonical\" href=\"https:\/\/keyflow.fi\/en\/products\/actuators\/pneumatic-actuators\/\" \/>\n<meta property=\"og:locale\" content=\"en_US\" \/>\n<meta property=\"og:type\" content=\"article\" \/>\n<meta property=\"og:title\" content=\"Pneumatic actuators - Keyflow\" \/>\n<meta property=\"og:description\" content=\"Keyflow \u2013 Venttiilit teollisuuden tarpeisiin. Olemme virtaustekniikan erikoisosaaja. Autamme l\u00f6yt\u00e4m\u00e4\u00e4n kustannustehokkaat ja tuottavuutta parantavat ratkaisut. Pyyd\u00e4 tarjous!\" \/>\n<meta property=\"og:url\" content=\"https:\/\/keyflow.fi\/en\/products\/actuators\/pneumatic-actuators\/\" \/>\n<meta property=\"og:site_name\" content=\"Keyflow\" \/>\n<meta property=\"article:modified_time\" content=\"2021-03-15T13:24:20+00:00\" \/>\n<meta name=\"twitter:card\" content=\"summary_large_image\" \/>\n<meta name=\"twitter:label1\" content=\"Est. reading time\" \/>\n\t<meta name=\"twitter:data1\" content=\"1 minute\" \/>\n<script type=\"application\/ld+json\" class=\"yoast-schema-graph\">{\"@context\":\"https:\\\/\\\/schema.org\",\"@graph\":[{\"@type\":\"WebPage\",\"@id\":\"https:\\\/\\\/keyflow.fi\\\/en\\\/products\\\/actuators\\\/pneumatic-actuators\\\/\",\"url\":\"https:\\\/\\\/keyflow.fi\\\/en\\\/products\\\/actuators\\\/pneumatic-actuators\\\/\",\"name\":\"Pneumatic actuators - Keyflow\",\"isPartOf\":{\"@id\":\"https:\\\/\\\/keyflow.fi\\\/#website\"},\"datePublished\":\"2017-11-07T12:46:52+00:00\",\"dateModified\":\"2021-03-15T13:24:20+00:00\",\"description\":\"Keyflow \u2013 Venttiilit teollisuuden tarpeisiin. Olemme virtaustekniikan erikoisosaaja. Autamme l\u00f6yt\u00e4m\u00e4\u00e4n kustannustehokkaat ja tuottavuutta parantavat ratkaisut. Pyyd\u00e4 tarjous!\",\"breadcrumb\":{\"@id\":\"https:\\\/\\\/keyflow.fi\\\/en\\\/products\\\/actuators\\\/pneumatic-actuators\\\/#breadcrumb\"},\"inLanguage\":\"en-US\",\"potentialAction\":[{\"@type\":\"ReadAction\",\"target\":[\"https:\\\/\\\/keyflow.fi\\\/en\\\/products\\\/actuators\\\/pneumatic-actuators\\\/\"]}]},{\"@type\":\"BreadcrumbList\",\"@id\":\"https:\\\/\\\/keyflow.fi\\\/en\\\/products\\\/actuators\\\/pneumatic-actuators\\\/#breadcrumb\",\"itemListElement\":[{\"@type\":\"ListItem\",\"position\":1,\"name\":\"Home\",\"item\":\"https:\\\/\\\/keyflow.fi\\\/en\\\/\"},{\"@type\":\"ListItem\",\"position\":2,\"name\":\"Products\",\"item\":\"https:\\\/\\\/keyflow.fi\\\/en\\\/products\\\/\"},{\"@type\":\"ListItem\",\"position\":3,\"name\":\"Actuators\",\"item\":\"https:\\\/\\\/keyflow.fi\\\/en\\\/products\\\/actuators\\\/\"},{\"@type\":\"ListItem\",\"position\":4,\"name\":\"Pneumatic actuators\"}]},{\"@type\":\"WebSite\",\"@id\":\"https:\\\/\\\/keyflow.fi\\\/#website\",\"url\":\"https:\\\/\\\/keyflow.fi\\\/\",\"name\":\"Keyflow\",\"description\":\"Venttiilit, toimilaitteet, virtauslaskelmat\",\"potentialAction\":[{\"@type\":\"SearchAction\",\"target\":{\"@type\":\"EntryPoint\",\"urlTemplate\":\"https:\\\/\\\/keyflow.fi\\\/?s={search_term_string}\"},\"query-input\":{\"@type\":\"PropertyValueSpecification\",\"valueRequired\":true,\"valueName\":\"search_term_string\"}}],\"inLanguage\":\"en-US\"}]}<\/script>\n<!-- \/ Yoast SEO plugin. -->","yoast_head_json":{"title":"Pneumatic actuators - Keyflow","description":"Keyflow \u2013 Venttiilit teollisuuden tarpeisiin. Olemme virtaustekniikan erikoisosaaja. Autamme l\u00f6yt\u00e4m\u00e4\u00e4n kustannustehokkaat ja tuottavuutta parantavat ratkaisut. Pyyd\u00e4 tarjous!","robots":{"index":"index","follow":"follow","max-snippet":"max-snippet:-1","max-image-preview":"max-image-preview:large","max-video-preview":"max-video-preview:-1"},"canonical":"https:\/\/keyflow.fi\/en\/products\/actuators\/pneumatic-actuators\/","og_locale":"en_US","og_type":"article","og_title":"Pneumatic actuators - Keyflow","og_description":"Keyflow \u2013 Venttiilit teollisuuden tarpeisiin. Olemme virtaustekniikan erikoisosaaja. Autamme l\u00f6yt\u00e4m\u00e4\u00e4n kustannustehokkaat ja tuottavuutta parantavat ratkaisut. Pyyd\u00e4 tarjous!","og_url":"https:\/\/keyflow.fi\/en\/products\/actuators\/pneumatic-actuators\/","og_site_name":"Keyflow","article_modified_time":"2021-03-15T13:24:20+00:00","twitter_card":"summary_large_image","twitter_misc":{"Est. reading time":"1 minute"},"schema":{"@context":"https:\/\/schema.org","@graph":[{"@type":"WebPage","@id":"https:\/\/keyflow.fi\/en\/products\/actuators\/pneumatic-actuators\/","url":"https:\/\/keyflow.fi\/en\/products\/actuators\/pneumatic-actuators\/","name":"Pneumatic actuators - Keyflow","isPartOf":{"@id":"https:\/\/keyflow.fi\/#website"},"datePublished":"2017-11-07T12:46:52+00:00","dateModified":"2021-03-15T13:24:20+00:00","description":"Keyflow \u2013 Venttiilit teollisuuden tarpeisiin. Olemme virtaustekniikan erikoisosaaja. Autamme l\u00f6yt\u00e4m\u00e4\u00e4n kustannustehokkaat ja tuottavuutta parantavat ratkaisut. Pyyd\u00e4 tarjous!","breadcrumb":{"@id":"https:\/\/keyflow.fi\/en\/products\/actuators\/pneumatic-actuators\/#breadcrumb"},"inLanguage":"en-US","potentialAction":[{"@type":"ReadAction","target":["https:\/\/keyflow.fi\/en\/products\/actuators\/pneumatic-actuators\/"]}]},{"@type":"BreadcrumbList","@id":"https:\/\/keyflow.fi\/en\/products\/actuators\/pneumatic-actuators\/#breadcrumb","itemListElement":[{"@type":"ListItem","position":1,"name":"Home","item":"https:\/\/keyflow.fi\/en\/"},{"@type":"ListItem","position":2,"name":"Products","item":"https:\/\/keyflow.fi\/en\/products\/"},{"@type":"ListItem","position":3,"name":"Actuators","item":"https:\/\/keyflow.fi\/en\/products\/actuators\/"},{"@type":"ListItem","position":4,"name":"Pneumatic actuators"}]},{"@type":"WebSite","@id":"https:\/\/keyflow.fi\/#website","url":"https:\/\/keyflow.fi\/","name":"Keyflow","description":"Venttiilit, toimilaitteet, virtauslaskelmat","potentialAction":[{"@type":"SearchAction","target":{"@type":"EntryPoint","urlTemplate":"https:\/\/keyflow.fi\/?s={search_term_string}"},"query-input":{"@type":"PropertyValueSpecification","valueRequired":true,"valueName":"search_term_string"}}],"inLanguage":"en-US"}]}},"_links":{"self":[{"href":"https:\/\/keyflow.fi\/en\/wp-json\/wp\/v2\/pages\/301","targetHints":{"allow":["GET"]}}],"collection":[{"href":"https:\/\/keyflow.fi\/en\/wp-json\/wp\/v2\/pages"}],"about":[{"href":"https:\/\/keyflow.fi\/en\/wp-json\/wp\/v2\/types\/page"}],"author":[{"embeddable":true,"href":"https:\/\/keyflow.fi\/en\/wp-json\/wp\/v2\/users\/1"}],"replies":[{"embeddable":true,"href":"https:\/\/keyflow.fi\/en\/wp-json\/wp\/v2\/comments?post=301"}],"version-history":[{"count":5,"href":"https:\/\/keyflow.fi\/en\/wp-json\/wp\/v2\/pages\/301\/revisions"}],"predecessor-version":[{"id":1542,"href":"https:\/\/keyflow.fi\/en\/wp-json\/wp\/v2\/pages\/301\/revisions\/1542"}],"up":[{"embeddable":true,"href":"https:\/\/keyflow.fi\/en\/wp-json\/wp\/v2\/pages\/298"}],"wp:attachment":[{"href":"https:\/\/keyflow.fi\/en\/wp-json\/wp\/v2\/media?parent=301"}],"curies":[{"name":"wp","href":"https:\/\/api.w.org\/{rel}","templated":true}]}}