{"id":269,"date":"2017-11-07T14:31:54","date_gmt":"2017-11-07T12:31:54","guid":{"rendered":"http:\/\/www.keyflow.fi\/dev\/?page_id=269"},"modified":"2021-03-15T15:16:42","modified_gmt":"2021-03-15T13:16:42","slug":"control-valves","status":"publish","type":"page","link":"https:\/\/keyflow.fi\/en\/products\/valves\/control-valves\/","title":{"rendered":"Control valves"},"content":{"rendered":"<p>Are you looking for a precise control valve for liquids, gases or steam?<br \/>\nWe have valve solutions for example:<\/p>\n<ul>\n<li>for wide range of pressure and flow areas<\/li>\n<li>for high temperatures<\/li>\n<\/ul>\n<p>Please, <a href=\"https:\/\/keyflow.fi\/\/en\/contact-us\/\">send us the information<\/a>, we will size and choose the most optimal solution for your process.<\/p>\n<p>For innovative flow management we have for example Schubert &amp; Salzer GS valves and &#8220;Low Flow&#8221; -valves for low flow rates.<\/p>\n<p>Sometimes even the basic butterfly valve is a sufficient solution. We also size Bray butterfly valves.<\/p>\n<p>The control valve range includes for example<\/p>\n<ul>\n<li>butterfly valves<\/li>\n<li>ball sector valves<\/li>\n<li>angle seat valves<\/li>\n<li>GS-valves<\/li>\n<\/ul>\n<p>Control valves are available with manual operator, electric or pneumatic actuator or selfoperated.<\/p>\n","protected":false},"excerpt":{"rendered":"<p>Are you looking for a precise control valve for liquids, gases or steam? We have valve solutions for example: for wide range of pressure and flow areas for high temperatures Please, send us the information, we will size and choose the most optimal solution for your process. For innovative flow management we have for example [&hellip;]<\/p>\n","protected":false},"author":1,"featured_media":0,"parent":261,"menu_order":0,"comment_status":"closed","ping_status":"closed","template":"","meta":{"footnotes":""},"class_list":["post-269","page","type-page","status-publish","hentry"],"yoast_head":"<!-- This site is optimized with the Yoast SEO plugin v27.5 - https:\/\/yoast.com\/product\/yoast-seo-wordpress\/ -->\n<title>Control valves - Keyflow<\/title>\n<meta name=\"description\" content=\"Keyflow \u2013 Venttiilit teollisuuden tarpeisiin. Olemme virtaustekniikan erikoisosaaja. Autamme l\u00f6yt\u00e4m\u00e4\u00e4n kustannustehokkaat ja tuottavuutta parantavat ratkaisut. Pyyd\u00e4 tarjous!\" \/>\n<meta name=\"robots\" content=\"index, follow, max-snippet:-1, max-image-preview:large, max-video-preview:-1\" \/>\n<link rel=\"canonical\" href=\"https:\/\/keyflow.fi\/en\/products\/valves\/control-valves\/\" \/>\n<meta property=\"og:locale\" content=\"en_US\" \/>\n<meta property=\"og:type\" content=\"article\" \/>\n<meta property=\"og:title\" content=\"Control valves - Keyflow\" \/>\n<meta property=\"og:description\" content=\"Keyflow \u2013 Venttiilit teollisuuden tarpeisiin. Olemme virtaustekniikan erikoisosaaja. Autamme l\u00f6yt\u00e4m\u00e4\u00e4n kustannustehokkaat ja tuottavuutta parantavat ratkaisut. Pyyd\u00e4 tarjous!\" \/>\n<meta property=\"og:url\" content=\"https:\/\/keyflow.fi\/en\/products\/valves\/control-valves\/\" \/>\n<meta property=\"og:site_name\" content=\"Keyflow\" \/>\n<meta property=\"article:modified_time\" content=\"2021-03-15T13:16:42+00:00\" \/>\n<meta name=\"twitter:card\" content=\"summary_large_image\" \/>\n<meta name=\"twitter:label1\" content=\"Est. reading time\" \/>\n\t<meta name=\"twitter:data1\" content=\"1 minute\" \/>\n<script type=\"application\/ld+json\" class=\"yoast-schema-graph\">{\"@context\":\"https:\\\/\\\/schema.org\",\"@graph\":[{\"@type\":\"WebPage\",\"@id\":\"https:\\\/\\\/keyflow.fi\\\/en\\\/products\\\/valves\\\/control-valves\\\/\",\"url\":\"https:\\\/\\\/keyflow.fi\\\/en\\\/products\\\/valves\\\/control-valves\\\/\",\"name\":\"Control valves - Keyflow\",\"isPartOf\":{\"@id\":\"https:\\\/\\\/keyflow.fi\\\/#website\"},\"datePublished\":\"2017-11-07T12:31:54+00:00\",\"dateModified\":\"2021-03-15T13:16:42+00:00\",\"description\":\"Keyflow \u2013 Venttiilit teollisuuden tarpeisiin. Olemme virtaustekniikan erikoisosaaja. Autamme l\u00f6yt\u00e4m\u00e4\u00e4n kustannustehokkaat ja tuottavuutta parantavat ratkaisut. Pyyd\u00e4 tarjous!\",\"breadcrumb\":{\"@id\":\"https:\\\/\\\/keyflow.fi\\\/en\\\/products\\\/valves\\\/control-valves\\\/#breadcrumb\"},\"inLanguage\":\"en-US\",\"potentialAction\":[{\"@type\":\"ReadAction\",\"target\":[\"https:\\\/\\\/keyflow.fi\\\/en\\\/products\\\/valves\\\/control-valves\\\/\"]}]},{\"@type\":\"BreadcrumbList\",\"@id\":\"https:\\\/\\\/keyflow.fi\\\/en\\\/products\\\/valves\\\/control-valves\\\/#breadcrumb\",\"itemListElement\":[{\"@type\":\"ListItem\",\"position\":1,\"name\":\"Home\",\"item\":\"https:\\\/\\\/keyflow.fi\\\/en\\\/\"},{\"@type\":\"ListItem\",\"position\":2,\"name\":\"Products\",\"item\":\"https:\\\/\\\/keyflow.fi\\\/en\\\/products\\\/\"},{\"@type\":\"ListItem\",\"position\":3,\"name\":\"Valves\",\"item\":\"https:\\\/\\\/keyflow.fi\\\/en\\\/products\\\/valves\\\/\"},{\"@type\":\"ListItem\",\"position\":4,\"name\":\"Control valves\"}]},{\"@type\":\"WebSite\",\"@id\":\"https:\\\/\\\/keyflow.fi\\\/#website\",\"url\":\"https:\\\/\\\/keyflow.fi\\\/\",\"name\":\"Keyflow\",\"description\":\"Venttiilit, toimilaitteet, virtauslaskelmat\",\"potentialAction\":[{\"@type\":\"SearchAction\",\"target\":{\"@type\":\"EntryPoint\",\"urlTemplate\":\"https:\\\/\\\/keyflow.fi\\\/?s={search_term_string}\"},\"query-input\":{\"@type\":\"PropertyValueSpecification\",\"valueRequired\":true,\"valueName\":\"search_term_string\"}}],\"inLanguage\":\"en-US\"}]}<\/script>\n<!-- \/ Yoast SEO plugin. -->","yoast_head_json":{"title":"Control valves - Keyflow","description":"Keyflow \u2013 Venttiilit teollisuuden tarpeisiin. Olemme virtaustekniikan erikoisosaaja. Autamme l\u00f6yt\u00e4m\u00e4\u00e4n kustannustehokkaat ja tuottavuutta parantavat ratkaisut. Pyyd\u00e4 tarjous!","robots":{"index":"index","follow":"follow","max-snippet":"max-snippet:-1","max-image-preview":"max-image-preview:large","max-video-preview":"max-video-preview:-1"},"canonical":"https:\/\/keyflow.fi\/en\/products\/valves\/control-valves\/","og_locale":"en_US","og_type":"article","og_title":"Control valves - Keyflow","og_description":"Keyflow \u2013 Venttiilit teollisuuden tarpeisiin. Olemme virtaustekniikan erikoisosaaja. Autamme l\u00f6yt\u00e4m\u00e4\u00e4n kustannustehokkaat ja tuottavuutta parantavat ratkaisut. Pyyd\u00e4 tarjous!","og_url":"https:\/\/keyflow.fi\/en\/products\/valves\/control-valves\/","og_site_name":"Keyflow","article_modified_time":"2021-03-15T13:16:42+00:00","twitter_card":"summary_large_image","twitter_misc":{"Est. reading time":"1 minute"},"schema":{"@context":"https:\/\/schema.org","@graph":[{"@type":"WebPage","@id":"https:\/\/keyflow.fi\/en\/products\/valves\/control-valves\/","url":"https:\/\/keyflow.fi\/en\/products\/valves\/control-valves\/","name":"Control valves - Keyflow","isPartOf":{"@id":"https:\/\/keyflow.fi\/#website"},"datePublished":"2017-11-07T12:31:54+00:00","dateModified":"2021-03-15T13:16:42+00:00","description":"Keyflow \u2013 Venttiilit teollisuuden tarpeisiin. Olemme virtaustekniikan erikoisosaaja. Autamme l\u00f6yt\u00e4m\u00e4\u00e4n kustannustehokkaat ja tuottavuutta parantavat ratkaisut. Pyyd\u00e4 tarjous!","breadcrumb":{"@id":"https:\/\/keyflow.fi\/en\/products\/valves\/control-valves\/#breadcrumb"},"inLanguage":"en-US","potentialAction":[{"@type":"ReadAction","target":["https:\/\/keyflow.fi\/en\/products\/valves\/control-valves\/"]}]},{"@type":"BreadcrumbList","@id":"https:\/\/keyflow.fi\/en\/products\/valves\/control-valves\/#breadcrumb","itemListElement":[{"@type":"ListItem","position":1,"name":"Home","item":"https:\/\/keyflow.fi\/en\/"},{"@type":"ListItem","position":2,"name":"Products","item":"https:\/\/keyflow.fi\/en\/products\/"},{"@type":"ListItem","position":3,"name":"Valves","item":"https:\/\/keyflow.fi\/en\/products\/valves\/"},{"@type":"ListItem","position":4,"name":"Control valves"}]},{"@type":"WebSite","@id":"https:\/\/keyflow.fi\/#website","url":"https:\/\/keyflow.fi\/","name":"Keyflow","description":"Venttiilit, toimilaitteet, virtauslaskelmat","potentialAction":[{"@type":"SearchAction","target":{"@type":"EntryPoint","urlTemplate":"https:\/\/keyflow.fi\/?s={search_term_string}"},"query-input":{"@type":"PropertyValueSpecification","valueRequired":true,"valueName":"search_term_string"}}],"inLanguage":"en-US"}]}},"_links":{"self":[{"href":"https:\/\/keyflow.fi\/en\/wp-json\/wp\/v2\/pages\/269","targetHints":{"allow":["GET"]}}],"collection":[{"href":"https:\/\/keyflow.fi\/en\/wp-json\/wp\/v2\/pages"}],"about":[{"href":"https:\/\/keyflow.fi\/en\/wp-json\/wp\/v2\/types\/page"}],"author":[{"embeddable":true,"href":"https:\/\/keyflow.fi\/en\/wp-json\/wp\/v2\/users\/1"}],"replies":[{"embeddable":true,"href":"https:\/\/keyflow.fi\/en\/wp-json\/wp\/v2\/comments?post=269"}],"version-history":[{"count":5,"href":"https:\/\/keyflow.fi\/en\/wp-json\/wp\/v2\/pages\/269\/revisions"}],"predecessor-version":[{"id":1532,"href":"https:\/\/keyflow.fi\/en\/wp-json\/wp\/v2\/pages\/269\/revisions\/1532"}],"up":[{"embeddable":true,"href":"https:\/\/keyflow.fi\/en\/wp-json\/wp\/v2\/pages\/261"}],"wp:attachment":[{"href":"https:\/\/keyflow.fi\/en\/wp-json\/wp\/v2\/media?parent=269"}],"curies":[{"name":"wp","href":"https:\/\/api.w.org\/{rel}","templated":true}]}}