{"id":254,"date":"2017-11-07T14:18:54","date_gmt":"2017-11-07T12:18:54","guid":{"rendered":"http:\/\/www.keyflow.fi\/dev\/?page_id=254"},"modified":"2018-01-09T19:58:27","modified_gmt":"2018-01-09T17:58:27","slug":"products","status":"publish","type":"page","link":"https:\/\/keyflow.fi\/en\/products\/","title":{"rendered":"Products"},"content":{"rendered":"<p>Our product range includes valves and actuators for shut-off and control applications.<\/p>\n<p>High quality products for pressure regulation and noise reduction are available.<\/p>\n<p>Ask also rupture discs and safety valves.<\/p>\n<p>If you are not able to find the product you are looking for, <a href=\"https:\/\/keyflow.fi\/\/en\/contact-us\/\">please contact us<\/a>. We will be happy to help.<\/p>\n<ul>\n<li><a href=\"https:\/\/keyflow.fi\/\/en\/products\/valves\/\">Valves<\/a>\n<ul>\n<li><a href=\"https:\/\/keyflow.fi\/\/en\/products\/valves\/control-valves\/\">Control valves<\/a><\/li>\n<li><a href=\"https:\/\/keyflow.fi\/\/en\/products\/valves\/100-tight-valves\/\">100% tight valves<\/a><\/li>\n<li><a href=\"https:\/\/keyflow.fi\/\/en\/products\/valves\/butterfly-valves-dampers\/\">Butterfly valves and dampers<\/a><\/li>\n<li><a href=\"https:\/\/keyflow.fi\/\/en\/products\/valves\/ptfepfa-lined-valves-sampling-systems\/\">PTFE\/PFA lined valves and sampling systems<\/a><\/li>\n<li><a href=\"https:\/\/keyflow.fi\/\/en\/products\/valves\/ball-valves\/\">Ball valves<\/a><\/li>\n<li><a href=\"https:\/\/keyflow.fi\/\/en\/products\/valves\/globe-valves-steam-traps-strainers\/\">Globe valves, steam traps and strainers<\/a><\/li>\n<li><a href=\"https:\/\/keyflow.fi\/\/en\/products\/valves\/knife-gate-valves\/\">Knife gate valves<\/a><\/li>\n<li><a href=\"https:\/\/keyflow.fi\/\/en\/products\/valves\/pinch-valves\/\">Pinch valves<\/a><\/li>\n<li><a href=\"https:\/\/keyflow.fi\/\/en\/pressure-reducing-valves\/\">Pressure reducing valves<\/a><\/li>\n<li><a href=\"https:\/\/keyflow.fi\/\/en\/check-valves\/\">Check valves<\/a><\/li>\n<\/ul>\n<\/li>\n<li><a href=\"https:\/\/keyflow.fi\/\/en\/products\/actuators\/\">Actuators<\/a>\n<ul>\n<li><a href=\"https:\/\/keyflow.fi\/\/en\/products\/actuators\/pneumatic-actuators\/\">Pneumatic actuators<\/a><\/li>\n<li><a href=\"https:\/\/keyflow.fi\/\/en\/products\/actuators\/electric-actuators\/\">Electric actuators<\/a><\/li>\n<\/ul>\n<\/li>\n<li><a href=\"https:\/\/keyflow.fi\/\/en\/products\/filtration-units-equipment\/\">Filtration units and equipment<\/a><\/li>\n<li><a href=\"https:\/\/keyflow.fi\/\/en\/products\/safety-equipment\/\">Safety equipment<\/a>\n<ul>\n<li><a href=\"https:\/\/keyflow.fi\/\/en\/products\/safety-equipment\/safety-relief-valves\/\">Safety relief valves<\/a><\/li>\n<li><a href=\"https:\/\/keyflow.fi\/\/en\/products\/safety-equipment\/rupture-discs\/\">Rupture discs<\/a><\/li>\n<li><a href=\"https:\/\/keyflow.fi\/\/en\/products\/safety-equipment\/flame-arresters\/\">Flame arresters<\/a><\/li>\n<\/ul>\n<\/li>\n<li><a href=\"https:\/\/keyflow.fi\/\/en\/products\/silencers\/\">Silencers<\/a><\/li>\n<li><a href=\"https:\/\/keyflow.fi\/\/en\/products\/power-plant-equipment\/\">Power plant equipment<\/a><\/li>\n<\/ul>\n","protected":false},"excerpt":{"rendered":"<p>Our product range includes valves and actuators for shut-off and control applications. High quality products for pressure regulation and noise reduction are available. Ask also rupture discs and safety valves. If you are not able to find the product you are looking for, please contact us. We will be happy to help. Valves Control valves [&hellip;]<\/p>\n","protected":false},"author":1,"featured_media":0,"parent":0,"menu_order":0,"comment_status":"closed","ping_status":"closed","template":"","meta":{"_improvement_type_select":"improve_an_existing","_thumb_yes_seoaic":false,"_frame_yes_seoaic":false,"seoaic_generate_description":"","seoaic_improve_instructions_prompt":"","seoaic_rollback_content_improvement":"","seoaic_idea_thumbnail_generator":"","thumbnail_generated":false,"thumbnail_generate_prompt":"","seoaic_article_description":"","footnotes":""},"class_list":["post-254","page","type-page","status-publish","hentry"],"yoast_head":"<!-- This site is optimized with the Yoast SEO plugin v27.4 - https:\/\/yoast.com\/product\/yoast-seo-wordpress\/ -->\n<title>Products - Keyflow<\/title>\n<meta name=\"description\" content=\"Keyflow \u2013 Venttiilit teollisuuden tarpeisiin. Olemme virtaustekniikan erikoisosaaja. Autamme l\u00f6yt\u00e4m\u00e4\u00e4n kustannustehokkaat ja tuottavuutta parantavat ratkaisut. Pyyd\u00e4 tarjous!\" \/>\n<meta name=\"robots\" content=\"index, follow, max-snippet:-1, max-image-preview:large, max-video-preview:-1\" \/>\n<link rel=\"canonical\" href=\"https:\/\/keyflow.fi\/en\/products\/\" \/>\n<meta property=\"og:locale\" content=\"en_US\" \/>\n<meta property=\"og:type\" content=\"article\" \/>\n<meta property=\"og:title\" content=\"Products - Keyflow\" \/>\n<meta property=\"og:description\" content=\"Keyflow \u2013 Venttiilit teollisuuden tarpeisiin. Olemme virtaustekniikan erikoisosaaja. Autamme l\u00f6yt\u00e4m\u00e4\u00e4n kustannustehokkaat ja tuottavuutta parantavat ratkaisut. Pyyd\u00e4 tarjous!\" \/>\n<meta property=\"og:url\" content=\"https:\/\/keyflow.fi\/en\/products\/\" \/>\n<meta property=\"og:site_name\" content=\"Keyflow\" \/>\n<meta property=\"article:modified_time\" content=\"2018-01-09T17:58:27+00:00\" \/>\n<meta name=\"twitter:card\" content=\"summary_large_image\" \/>\n<meta name=\"twitter:label1\" content=\"Est. reading time\" \/>\n\t<meta name=\"twitter:data1\" content=\"1 minute\" \/>\n<script type=\"application\/ld+json\" class=\"yoast-schema-graph\">{\"@context\":\"https:\\\/\\\/schema.org\",\"@graph\":[{\"@type\":\"WebPage\",\"@id\":\"https:\\\/\\\/keyflow.fi\\\/en\\\/products\\\/\",\"url\":\"https:\\\/\\\/keyflow.fi\\\/en\\\/products\\\/\",\"name\":\"Products - Keyflow\",\"isPartOf\":{\"@id\":\"https:\\\/\\\/keyflow.fi\\\/#website\"},\"datePublished\":\"2017-11-07T12:18:54+00:00\",\"dateModified\":\"2018-01-09T17:58:27+00:00\",\"description\":\"Keyflow \u2013 Venttiilit teollisuuden tarpeisiin. Olemme virtaustekniikan erikoisosaaja. Autamme l\u00f6yt\u00e4m\u00e4\u00e4n kustannustehokkaat ja tuottavuutta parantavat ratkaisut. Pyyd\u00e4 tarjous!\",\"breadcrumb\":{\"@id\":\"https:\\\/\\\/keyflow.fi\\\/en\\\/products\\\/#breadcrumb\"},\"inLanguage\":\"en-US\",\"potentialAction\":[{\"@type\":\"ReadAction\",\"target\":[\"https:\\\/\\\/keyflow.fi\\\/en\\\/products\\\/\"]}]},{\"@type\":\"BreadcrumbList\",\"@id\":\"https:\\\/\\\/keyflow.fi\\\/en\\\/products\\\/#breadcrumb\",\"itemListElement\":[{\"@type\":\"ListItem\",\"position\":1,\"name\":\"Home\",\"item\":\"https:\\\/\\\/keyflow.fi\\\/en\\\/\"},{\"@type\":\"ListItem\",\"position\":2,\"name\":\"Products\"}]},{\"@type\":\"WebSite\",\"@id\":\"https:\\\/\\\/keyflow.fi\\\/#website\",\"url\":\"https:\\\/\\\/keyflow.fi\\\/\",\"name\":\"Keyflow\",\"description\":\"Venttiilit, toimilaitteet, virtauslaskelmat\",\"potentialAction\":[{\"@type\":\"SearchAction\",\"target\":{\"@type\":\"EntryPoint\",\"urlTemplate\":\"https:\\\/\\\/keyflow.fi\\\/?s={search_term_string}\"},\"query-input\":{\"@type\":\"PropertyValueSpecification\",\"valueRequired\":true,\"valueName\":\"search_term_string\"}}],\"inLanguage\":\"en-US\"}]}<\/script>\n<!-- \/ Yoast SEO plugin. -->","yoast_head_json":{"title":"Products - Keyflow","description":"Keyflow \u2013 Venttiilit teollisuuden tarpeisiin. Olemme virtaustekniikan erikoisosaaja. Autamme l\u00f6yt\u00e4m\u00e4\u00e4n kustannustehokkaat ja tuottavuutta parantavat ratkaisut. Pyyd\u00e4 tarjous!","robots":{"index":"index","follow":"follow","max-snippet":"max-snippet:-1","max-image-preview":"max-image-preview:large","max-video-preview":"max-video-preview:-1"},"canonical":"https:\/\/keyflow.fi\/en\/products\/","og_locale":"en_US","og_type":"article","og_title":"Products - Keyflow","og_description":"Keyflow \u2013 Venttiilit teollisuuden tarpeisiin. Olemme virtaustekniikan erikoisosaaja. Autamme l\u00f6yt\u00e4m\u00e4\u00e4n kustannustehokkaat ja tuottavuutta parantavat ratkaisut. Pyyd\u00e4 tarjous!","og_url":"https:\/\/keyflow.fi\/en\/products\/","og_site_name":"Keyflow","article_modified_time":"2018-01-09T17:58:27+00:00","twitter_card":"summary_large_image","twitter_misc":{"Est. reading time":"1 minute"},"schema":{"@context":"https:\/\/schema.org","@graph":[{"@type":"WebPage","@id":"https:\/\/keyflow.fi\/en\/products\/","url":"https:\/\/keyflow.fi\/en\/products\/","name":"Products - Keyflow","isPartOf":{"@id":"https:\/\/keyflow.fi\/#website"},"datePublished":"2017-11-07T12:18:54+00:00","dateModified":"2018-01-09T17:58:27+00:00","description":"Keyflow \u2013 Venttiilit teollisuuden tarpeisiin. Olemme virtaustekniikan erikoisosaaja. Autamme l\u00f6yt\u00e4m\u00e4\u00e4n kustannustehokkaat ja tuottavuutta parantavat ratkaisut. Pyyd\u00e4 tarjous!","breadcrumb":{"@id":"https:\/\/keyflow.fi\/en\/products\/#breadcrumb"},"inLanguage":"en-US","potentialAction":[{"@type":"ReadAction","target":["https:\/\/keyflow.fi\/en\/products\/"]}]},{"@type":"BreadcrumbList","@id":"https:\/\/keyflow.fi\/en\/products\/#breadcrumb","itemListElement":[{"@type":"ListItem","position":1,"name":"Home","item":"https:\/\/keyflow.fi\/en\/"},{"@type":"ListItem","position":2,"name":"Products"}]},{"@type":"WebSite","@id":"https:\/\/keyflow.fi\/#website","url":"https:\/\/keyflow.fi\/","name":"Keyflow","description":"Venttiilit, toimilaitteet, virtauslaskelmat","potentialAction":[{"@type":"SearchAction","target":{"@type":"EntryPoint","urlTemplate":"https:\/\/keyflow.fi\/?s={search_term_string}"},"query-input":{"@type":"PropertyValueSpecification","valueRequired":true,"valueName":"search_term_string"}}],"inLanguage":"en-US"}]}},"_links":{"self":[{"href":"https:\/\/keyflow.fi\/en\/wp-json\/wp\/v2\/pages\/254","targetHints":{"allow":["GET"]}}],"collection":[{"href":"https:\/\/keyflow.fi\/en\/wp-json\/wp\/v2\/pages"}],"about":[{"href":"https:\/\/keyflow.fi\/en\/wp-json\/wp\/v2\/types\/page"}],"author":[{"embeddable":true,"href":"https:\/\/keyflow.fi\/en\/wp-json\/wp\/v2\/users\/1"}],"replies":[{"embeddable":true,"href":"https:\/\/keyflow.fi\/en\/wp-json\/wp\/v2\/comments?post=254"}],"version-history":[{"count":5,"href":"https:\/\/keyflow.fi\/en\/wp-json\/wp\/v2\/pages\/254\/revisions"}],"predecessor-version":[{"id":601,"href":"https:\/\/keyflow.fi\/en\/wp-json\/wp\/v2\/pages\/254\/revisions\/601"}],"wp:attachment":[{"href":"https:\/\/keyflow.fi\/en\/wp-json\/wp\/v2\/media?parent=254"}],"curies":[{"name":"wp","href":"https:\/\/api.w.org\/{rel}","templated":true}]}}