{"id":1512,"date":"2021-03-15T13:54:22","date_gmt":"2021-03-15T11:54:22","guid":{"rendered":"https:\/\/keyflow.fi\/?page_id=1512"},"modified":"2021-03-15T15:22:39","modified_gmt":"2021-03-15T13:22:39","slug":"ptfe-pfa-lined-valves-and-sampling-systems","status":"publish","type":"page","link":"https:\/\/keyflow.fi\/en\/products\/valves\/ptfe-pfa-lined-valves-and-sampling-systems\/","title":{"rendered":"PTFE\/PFA lined valves and sampling systems"},"content":{"rendered":"\n<p>Maintenance-free and reliable valves and sampling systems for corrosive media.<\/p>\n\n\n\n<p>Swissfluid manufactures also standard sampling valves for liquids and gases.<\/p>\n\n\n\n<p>We supply the following products with PTFE \/ PFA liner:<\/p>\n\n\n\n<ul class=\"wp-block-list\"><li>ball valves<\/li><li>butterfly valves<\/li><li>plug valves<\/li><li>diaphragm valves<\/li><li>non-return valves<\/li><li>sight glasses<\/li><li>bellows<\/li><li>sampling valves<\/li><li>sampling systems<\/li><li>over pressure \/ vacuum relief valves<\/li><\/ul>\n\n\n\n<p><a href=\"https:\/\/keyflow.fi\/\/en\/contact-us\/\">Contact us!<\/a><\/p>\n","protected":false},"excerpt":{"rendered":"<p>Maintenance-free and reliable valves and sampling systems for corrosive media. Swissfluid manufactures also standard sampling valves for liquids and gases. We supply the following products with PTFE \/ PFA liner: ball valves butterfly valves plug valves diaphragm valves non-return valves sight glasses bellows sampling valves sampling systems over pressure \/ vacuum relief valves Contact us!<\/p>\n","protected":false},"author":2,"featured_media":0,"parent":261,"menu_order":0,"comment_status":"closed","ping_status":"closed","template":"","meta":{"_improvement_type_select":"improve_an_existing","_thumb_yes_seoaic":false,"_frame_yes_seoaic":false,"seoaic_generate_description":"","seoaic_improve_instructions_prompt":"","seoaic_rollback_content_improvement":"","seoaic_idea_thumbnail_generator":"","thumbnail_generated":false,"thumbnail_generate_prompt":"","seoaic_article_description":"","footnotes":""},"class_list":["post-1512","page","type-page","status-publish","hentry"],"yoast_head":"<!-- This site is optimized with the Yoast SEO plugin v27.4 - https:\/\/yoast.com\/product\/yoast-seo-wordpress\/ -->\n<title>PTFE\/PFA lined valves and sampling systems - Keyflow<\/title>\n<meta name=\"description\" content=\"Keyflow \u2013 Venttiilit teollisuuden tarpeisiin. Olemme virtaustekniikan erikoisosaaja. Autamme l\u00f6yt\u00e4m\u00e4\u00e4n kustannustehokkaat ja tuottavuutta parantavat ratkaisut. Pyyd\u00e4 tarjous!\" \/>\n<meta name=\"robots\" content=\"index, follow, max-snippet:-1, max-image-preview:large, max-video-preview:-1\" \/>\n<link rel=\"canonical\" href=\"https:\/\/keyflow.fi\/en\/products\/valves\/ptfe-pfa-lined-valves-and-sampling-systems\/\" \/>\n<meta property=\"og:locale\" content=\"en_US\" \/>\n<meta property=\"og:type\" content=\"article\" \/>\n<meta property=\"og:title\" content=\"PTFE\/PFA lined valves and sampling systems - Keyflow\" \/>\n<meta property=\"og:description\" content=\"Keyflow \u2013 Venttiilit teollisuuden tarpeisiin. Olemme virtaustekniikan erikoisosaaja. Autamme l\u00f6yt\u00e4m\u00e4\u00e4n kustannustehokkaat ja tuottavuutta parantavat ratkaisut. Pyyd\u00e4 tarjous!\" \/>\n<meta property=\"og:url\" content=\"https:\/\/keyflow.fi\/en\/products\/valves\/ptfe-pfa-lined-valves-and-sampling-systems\/\" \/>\n<meta property=\"og:site_name\" content=\"Keyflow\" \/>\n<meta property=\"article:modified_time\" content=\"2021-03-15T13:22:39+00:00\" \/>\n<meta name=\"twitter:card\" content=\"summary_large_image\" \/>\n<meta name=\"twitter:label1\" content=\"Est. reading time\" \/>\n\t<meta name=\"twitter:data1\" content=\"1 minute\" \/>\n<script type=\"application\/ld+json\" class=\"yoast-schema-graph\">{\"@context\":\"https:\\\/\\\/schema.org\",\"@graph\":[{\"@type\":\"WebPage\",\"@id\":\"https:\\\/\\\/keyflow.fi\\\/en\\\/products\\\/valves\\\/ptfe-pfa-lined-valves-and-sampling-systems\\\/\",\"url\":\"https:\\\/\\\/keyflow.fi\\\/en\\\/products\\\/valves\\\/ptfe-pfa-lined-valves-and-sampling-systems\\\/\",\"name\":\"PTFE\\\/PFA lined valves and sampling systems - Keyflow\",\"isPartOf\":{\"@id\":\"https:\\\/\\\/keyflow.fi\\\/#website\"},\"datePublished\":\"2021-03-15T11:54:22+00:00\",\"dateModified\":\"2021-03-15T13:22:39+00:00\",\"description\":\"Keyflow \u2013 Venttiilit teollisuuden tarpeisiin. Olemme virtaustekniikan erikoisosaaja. Autamme l\u00f6yt\u00e4m\u00e4\u00e4n kustannustehokkaat ja tuottavuutta parantavat ratkaisut. Pyyd\u00e4 tarjous!\",\"breadcrumb\":{\"@id\":\"https:\\\/\\\/keyflow.fi\\\/en\\\/products\\\/valves\\\/ptfe-pfa-lined-valves-and-sampling-systems\\\/#breadcrumb\"},\"inLanguage\":\"en-US\",\"potentialAction\":[{\"@type\":\"ReadAction\",\"target\":[\"https:\\\/\\\/keyflow.fi\\\/en\\\/products\\\/valves\\\/ptfe-pfa-lined-valves-and-sampling-systems\\\/\"]}]},{\"@type\":\"BreadcrumbList\",\"@id\":\"https:\\\/\\\/keyflow.fi\\\/en\\\/products\\\/valves\\\/ptfe-pfa-lined-valves-and-sampling-systems\\\/#breadcrumb\",\"itemListElement\":[{\"@type\":\"ListItem\",\"position\":1,\"name\":\"Home\",\"item\":\"https:\\\/\\\/keyflow.fi\\\/en\\\/\"},{\"@type\":\"ListItem\",\"position\":2,\"name\":\"Products\",\"item\":\"https:\\\/\\\/keyflow.fi\\\/en\\\/products\\\/\"},{\"@type\":\"ListItem\",\"position\":3,\"name\":\"Valves\",\"item\":\"https:\\\/\\\/keyflow.fi\\\/en\\\/products\\\/valves\\\/\"},{\"@type\":\"ListItem\",\"position\":4,\"name\":\"PTFE\\\/PFA lined valves and sampling systems\"}]},{\"@type\":\"WebSite\",\"@id\":\"https:\\\/\\\/keyflow.fi\\\/#website\",\"url\":\"https:\\\/\\\/keyflow.fi\\\/\",\"name\":\"Keyflow\",\"description\":\"Venttiilit, toimilaitteet, virtauslaskelmat\",\"potentialAction\":[{\"@type\":\"SearchAction\",\"target\":{\"@type\":\"EntryPoint\",\"urlTemplate\":\"https:\\\/\\\/keyflow.fi\\\/?s={search_term_string}\"},\"query-input\":{\"@type\":\"PropertyValueSpecification\",\"valueRequired\":true,\"valueName\":\"search_term_string\"}}],\"inLanguage\":\"en-US\"}]}<\/script>\n<!-- \/ Yoast SEO plugin. -->","yoast_head_json":{"title":"PTFE\/PFA lined valves and sampling systems - Keyflow","description":"Keyflow \u2013 Venttiilit teollisuuden tarpeisiin. Olemme virtaustekniikan erikoisosaaja. Autamme l\u00f6yt\u00e4m\u00e4\u00e4n kustannustehokkaat ja tuottavuutta parantavat ratkaisut. Pyyd\u00e4 tarjous!","robots":{"index":"index","follow":"follow","max-snippet":"max-snippet:-1","max-image-preview":"max-image-preview:large","max-video-preview":"max-video-preview:-1"},"canonical":"https:\/\/keyflow.fi\/en\/products\/valves\/ptfe-pfa-lined-valves-and-sampling-systems\/","og_locale":"en_US","og_type":"article","og_title":"PTFE\/PFA lined valves and sampling systems - Keyflow","og_description":"Keyflow \u2013 Venttiilit teollisuuden tarpeisiin. Olemme virtaustekniikan erikoisosaaja. Autamme l\u00f6yt\u00e4m\u00e4\u00e4n kustannustehokkaat ja tuottavuutta parantavat ratkaisut. Pyyd\u00e4 tarjous!","og_url":"https:\/\/keyflow.fi\/en\/products\/valves\/ptfe-pfa-lined-valves-and-sampling-systems\/","og_site_name":"Keyflow","article_modified_time":"2021-03-15T13:22:39+00:00","twitter_card":"summary_large_image","twitter_misc":{"Est. reading time":"1 minute"},"schema":{"@context":"https:\/\/schema.org","@graph":[{"@type":"WebPage","@id":"https:\/\/keyflow.fi\/en\/products\/valves\/ptfe-pfa-lined-valves-and-sampling-systems\/","url":"https:\/\/keyflow.fi\/en\/products\/valves\/ptfe-pfa-lined-valves-and-sampling-systems\/","name":"PTFE\/PFA lined valves and sampling systems - Keyflow","isPartOf":{"@id":"https:\/\/keyflow.fi\/#website"},"datePublished":"2021-03-15T11:54:22+00:00","dateModified":"2021-03-15T13:22:39+00:00","description":"Keyflow \u2013 Venttiilit teollisuuden tarpeisiin. Olemme virtaustekniikan erikoisosaaja. Autamme l\u00f6yt\u00e4m\u00e4\u00e4n kustannustehokkaat ja tuottavuutta parantavat ratkaisut. Pyyd\u00e4 tarjous!","breadcrumb":{"@id":"https:\/\/keyflow.fi\/en\/products\/valves\/ptfe-pfa-lined-valves-and-sampling-systems\/#breadcrumb"},"inLanguage":"en-US","potentialAction":[{"@type":"ReadAction","target":["https:\/\/keyflow.fi\/en\/products\/valves\/ptfe-pfa-lined-valves-and-sampling-systems\/"]}]},{"@type":"BreadcrumbList","@id":"https:\/\/keyflow.fi\/en\/products\/valves\/ptfe-pfa-lined-valves-and-sampling-systems\/#breadcrumb","itemListElement":[{"@type":"ListItem","position":1,"name":"Home","item":"https:\/\/keyflow.fi\/en\/"},{"@type":"ListItem","position":2,"name":"Products","item":"https:\/\/keyflow.fi\/en\/products\/"},{"@type":"ListItem","position":3,"name":"Valves","item":"https:\/\/keyflow.fi\/en\/products\/valves\/"},{"@type":"ListItem","position":4,"name":"PTFE\/PFA lined valves and sampling systems"}]},{"@type":"WebSite","@id":"https:\/\/keyflow.fi\/#website","url":"https:\/\/keyflow.fi\/","name":"Keyflow","description":"Venttiilit, toimilaitteet, virtauslaskelmat","potentialAction":[{"@type":"SearchAction","target":{"@type":"EntryPoint","urlTemplate":"https:\/\/keyflow.fi\/?s={search_term_string}"},"query-input":{"@type":"PropertyValueSpecification","valueRequired":true,"valueName":"search_term_string"}}],"inLanguage":"en-US"}]}},"_links":{"self":[{"href":"https:\/\/keyflow.fi\/en\/wp-json\/wp\/v2\/pages\/1512","targetHints":{"allow":["GET"]}}],"collection":[{"href":"https:\/\/keyflow.fi\/en\/wp-json\/wp\/v2\/pages"}],"about":[{"href":"https:\/\/keyflow.fi\/en\/wp-json\/wp\/v2\/types\/page"}],"author":[{"embeddable":true,"href":"https:\/\/keyflow.fi\/en\/wp-json\/wp\/v2\/users\/2"}],"replies":[{"embeddable":true,"href":"https:\/\/keyflow.fi\/en\/wp-json\/wp\/v2\/comments?post=1512"}],"version-history":[{"count":5,"href":"https:\/\/keyflow.fi\/en\/wp-json\/wp\/v2\/pages\/1512\/revisions"}],"predecessor-version":[{"id":1540,"href":"https:\/\/keyflow.fi\/en\/wp-json\/wp\/v2\/pages\/1512\/revisions\/1540"}],"up":[{"embeddable":true,"href":"https:\/\/keyflow.fi\/en\/wp-json\/wp\/v2\/pages\/261"}],"wp:attachment":[{"href":"https:\/\/keyflow.fi\/en\/wp-json\/wp\/v2\/media?parent=1512"}],"curies":[{"name":"wp","href":"https:\/\/api.w.org\/{rel}","templated":true}]}}